{"id":5991,"date":"2017-05-08T17:02:00","date_gmt":"2017-05-08T14:02:00","guid":{"rendered":"http:\/\/www.hotelhaaga.fi\/ru\/?page_id=5991"},"modified":"2018-02-15T15:28:03","modified_gmt":"2018-02-15T13:28:03","slug":"%d1%84%d0%b0%d0%b9%d0%bb%d1%8b-cookie","status":"publish","type":"page","link":"https:\/\/www.hotelhaaga.fi\/ru\/%d1%84%d0%b0%d0%b9%d0%bb%d1%8b-cookie\/","title":{"rendered":"\u0424\u0430\u0439\u043b\u044b cookie"},"content":{"rendered":"<h3>Yleist\u00e4 tietoa<\/h3>\n<p>T\u00e4m\u00e4 sivusto k\u00e4ytt\u00e4\u00e4 ev\u00e4steit\u00e4 (cookies). Ev\u00e4ste on pieni tekstitiedosto, joka tallentuu selaimellesi ja mahdollistaa siten selaimesi muistavan sy\u00f6tetyn tiedon eri istuntojen ja sivuvierailujen v\u00e4lill\u00e4. Ev\u00e4steiden ansiosta sivusto muistaa sille esimerkiksi sy\u00f6tettyj\u00e4 tietoja. T\u00e4m\u00e4n ansioista sivusto on k\u00e4ytt\u00e4j\u00e4yst\u00e4v\u00e4llisempi ja voimme kehitt\u00e4\u00e4 sit\u00e4 vastaamaan asiakkaidemme tarpeita.<\/p>\n<h3>Mit\u00e4 ovat ev\u00e4steet?<\/h3>\n<p>Ev\u00e4steet ovat pieni\u00e4 tekstitiedostoja joita eri internet \u2013 sivustot luovat. Ne s\u00e4il\u00f6v\u00e4t istuntokohtaisia tietoja joista voi olla hy\u00f6ty\u00e4 my\u00f6hemmin. N\u00e4m\u00e4 tiedostot s\u00e4ilytt\u00e4v\u00e4t tietosi sivujen v\u00e4lill\u00e4 sek\u00e4 analysoivat k\u00e4ytt\u00e4ytymisesi sivustolla.<\/p>\n<p>Ev\u00e4steet ovat t\u00e4ysin turvallisia \u2013 ne voivat s\u00e4il\u00f6\u00e4 vain tietoja jotka selain v\u00e4litt\u00e4\u00e4 eli tietoja, jotka k\u00e4ytt\u00e4j\u00e4 on selaimelle sy\u00f6tt\u00e4nyt tai jotka on sis\u00e4llytetty haetulle sivulle. Ne eiv\u00e4t voi suorittaa koodia eik\u00e4 niiden avulla voi p\u00e4\u00e4st\u00e4 koneellesi. Mik\u00e4li sivusto tallentaa tiedon ev\u00e4steeseen vain kyseinen sivusto voi k\u00e4ytt\u00e4\u00e4 t\u00e4t\u00e4 tietoa.<\/p>\n<p>Pysyvi\u00e4 ev\u00e4steit\u00e4 k\u00e4ytet\u00e4\u00e4n s\u00e4il\u00f6m\u00e4\u00e4n tietoja vierailujesi v\u00e4lill\u00e4. T\u00e4m\u00e4n avulla sivusto tunnistaa palaavan vierailijan ja reagoi oikein. Pysyv\u00e4t ev\u00e4steet voivat s\u00e4il\u00f6\u00e4 tietoa muutamista minuuteista useisiin vuosiin.<\/p>\n<h3>Miksi ev\u00e4steit\u00e4 k\u00e4ytet\u00e4\u00e4n?<\/h3>\n<p>Sivustot k\u00e4ytt\u00e4v\u00e4t ev\u00e4steit\u00e4 pit\u00e4m\u00e4ll\u00e4 istuntosi sen ajan kun vierailet sivustolla. Niiden avulla sivusto ehdottaa sellaista tuotetta kuin toivot.<\/p>\n<p>Google k\u00e4ytt\u00e4\u00e4 ev\u00e4steit\u00e4 analysoidakseen sivuston vierailijoiden k\u00e4ytt\u00e4ytymist\u00e4 kyseisell\u00e4 sivustolla. T\u00e4ten saamme arvokasta n\u00e4kemyst\u00e4 jonka avulla voimme kehitt\u00e4\u00e4 sivustoa sek\u00e4 tarjoamiamme tuotteita ja palveluita.<\/p>\n<h3>Ev\u00e4steiden poisto ja est\u00e4minen<\/h3>\n<p>Kaikilla Internet -selaimilla on mahdollisuus rajoittaa ev\u00e4steiden k\u00e4ytt\u00e4ytymist\u00e4 tai est\u00e4\u00e4 ne muuttamalla selaimen asetuksia. Tarvittavien asetusten muutokset vaihtelevat selainkohtaisesti. L\u00f6yd\u00e4t ohjeet selaimesi ohjetoiminnosta.<\/p>\n<p>Halutessasi voit tarkastella koneellasi jo olevia ev\u00e4steit\u00e4 ja poistaa niit\u00e4 yksitellen tai kaikki kerralla. Ev\u00e4steet ovat tekstitiedostoja eiv\u00e4tk\u00e4 ne v\u00e4ltt\u00e4m\u00e4tt\u00e4 ole luettavassa ymm\u00e4rrett\u00e4v\u00e4ss\u00e4 muodossa. Tieto niiss\u00e4 on usein koodattua ja numerot avautuvat selaimellesi istuntosi avautuessa.<\/p>\n<p>Mik\u00e4li ev\u00e4steet on kokonaan estetty emme pysty takaamaan, ett\u00e4 sivustomme toimii t\u00e4ysin oikein.<\/p>\n","protected":false},"excerpt":{"rendered":"<p>Yleist\u00e4 tietoa T\u00e4m\u00e4 sivusto k\u00e4ytt\u00e4\u00e4 ev\u00e4steit\u00e4 (cookies). Ev\u00e4ste on pieni tekstitiedosto, joka tallentuu selaimellesi ja mahdollistaa siten selaimesi muistavan sy\u00f6tetyn tiedon eri istuntojen ja sivuvierailujen v\u00e4lill\u00e4. Ev\u00e4steiden ansiosta sivusto muistaa sille esimerkiksi sy\u00f6tettyj\u00e4 tietoja. T\u00e4m\u00e4n ansioista sivusto on k\u00e4ytt\u00e4j\u00e4yst\u00e4v\u00e4llisempi ja voimme kehitt\u00e4\u00e4 sit\u00e4 vastaamaan asiakkaidemme tarpeita. Mit\u00e4 ovat ev\u00e4steet? Ev\u00e4steet ovat pieni\u00e4 tekstitiedostoja joita eri [&hellip;]<\/p>\n","protected":false},"author":3,"featured_media":5957,"parent":0,"menu_order":0,"comment_status":"closed","ping_status":"closed","template":"","meta":{"_acf_changed":false,"footnotes":""},"class_list":["post-5991","page","type-page","status-publish","has-post-thumbnail","hentry"],"acf":[],"_links":{"self":[{"href":"https:\/\/www.hotelhaaga.fi\/ru\/wp-json\/wp\/v2\/pages\/5991","targetHints":{"allow":["GET"]}}],"collection":[{"href":"https:\/\/www.hotelhaaga.fi\/ru\/wp-json\/wp\/v2\/pages"}],"about":[{"href":"https:\/\/www.hotelhaaga.fi\/ru\/wp-json\/wp\/v2\/types\/page"}],"author":[{"embeddable":true,"href":"https:\/\/www.hotelhaaga.fi\/ru\/wp-json\/wp\/v2\/users\/3"}],"replies":[{"embeddable":true,"href":"https:\/\/www.hotelhaaga.fi\/ru\/wp-json\/wp\/v2\/comments?post=5991"}],"version-history":[{"count":3,"href":"https:\/\/www.hotelhaaga.fi\/ru\/wp-json\/wp\/v2\/pages\/5991\/revisions"}],"predecessor-version":[{"id":6496,"href":"https:\/\/www.hotelhaaga.fi\/ru\/wp-json\/wp\/v2\/pages\/5991\/revisions\/6496"}],"wp:featuredmedia":[{"embeddable":true,"href":"https:\/\/www.hotelhaaga.fi\/ru\/wp-json\/wp\/v2\/media\/5957"}],"wp:attachment":[{"href":"https:\/\/www.hotelhaaga.fi\/ru\/wp-json\/wp\/v2\/media?parent=5991"}],"curies":[{"name":"wp","href":"https:\/\/api.w.org\/{rel}","templated":true}]}}